{"id":1175,"date":"2023-12-17T10:35:23","date_gmt":"2023-12-17T10:35:23","guid":{"rendered":"https:\/\/yood-concept.com\/?post_type=product&#038;p=1175"},"modified":"2023-12-18T12:47:49","modified_gmt":"2023-12-18T12:47:49","slug":"ndole-royal-crevettes-et-viandes-de-boeuf","status":"publish","type":"product","link":"https:\/\/lamoude.com\/?product=ndole-royal-crevettes-et-viandes-de-boeuf","title":{"rendered":"Ndol\u00e8 Royal crevettes et viandes de boeuf"},"content":{"rendered":"","protected":false},"excerpt":{"rendered":"<p>Chaque plat traditionnel choisi repr\u00e9sente une quantit\u00e9 adapt\u00e9e pour 5 \u00e0 6 personnes!!! Les accompagnements sont \u00e0 prendre dans la rubrique \u00ab\u00a0Nos Accompagnements \u00e0 partager\u00a0\u00bb !<\/p>\n","protected":false},"featured_media":1309,"template":"","meta":{"_kadence_starter_templates_imported_post":true,"_kad_post_transparent":"default","_kad_post_title":"","_kad_post_layout":"default","_kad_post_sidebar_id":"","_kad_post_content_style":"default","_kad_post_vertical_padding":"default","_kad_post_feature":"","_kad_post_feature_position":"","_kad_post_header":false,"_kad_post_footer":false,"_kad_post_classname":""},"product_brand":[],"product_cat":[45],"product_tag":[53,52,41,51,42,43],"class_list":{"0":"post-1175","1":"product","2":"type-product","3":"status-publish","4":"has-post-thumbnail","6":"product_cat-menu-a-la-carte","7":"product_tag-african","8":"product_tag-buffet","9":"product_tag-dish","10":"product_tag-drink","11":"product_tag-food","12":"product_tag-menu","14":"first","15":"instock","16":"shipping-taxable","17":"purchasable","18":"product-type-simple","19":"entry","20":"content-bg","21":"loop-entry"},"_links":{"self":[{"href":"https:\/\/lamoude.com\/index.php?rest_route=\/wp\/v2\/product\/1175","targetHints":{"allow":["GET"]}}],"collection":[{"href":"https:\/\/lamoude.com\/index.php?rest_route=\/wp\/v2\/product"}],"about":[{"href":"https:\/\/lamoude.com\/index.php?rest_route=\/wp\/v2\/types\/product"}],"wp:featuredmedia":[{"embeddable":true,"href":"https:\/\/lamoude.com\/index.php?rest_route=\/wp\/v2\/media\/1309"}],"wp:attachment":[{"href":"https:\/\/lamoude.com\/index.php?rest_route=%2Fwp%2Fv2%2Fmedia&parent=1175"}],"wp:term":[{"taxonomy":"product_brand","embeddable":true,"href":"https:\/\/lamoude.com\/index.php?rest_route=%2Fwp%2Fv2%2Fproduct_brand&post=1175"},{"taxonomy":"product_cat","embeddable":true,"href":"https:\/\/lamoude.com\/index.php?rest_route=%2Fwp%2Fv2%2Fproduct_cat&post=1175"},{"taxonomy":"product_tag","embeddable":true,"href":"https:\/\/lamoude.com\/index.php?rest_route=%2Fwp%2Fv2%2Fproduct_tag&post=1175"}],"curies":[{"name":"wp","href":"https:\/\/api.w.org\/{rel}","templated":true}]}}