{"id":1141,"date":"2023-12-17T07:02:59","date_gmt":"2023-12-17T07:02:59","guid":{"rendered":"https:\/\/yood-concept.com\/?post_type=product&#038;p=1141"},"modified":"2023-12-18T12:58:27","modified_gmt":"2023-12-18T12:58:27","slug":"roties-de-tripes-de-boeuf","status":"publish","type":"product","link":"https:\/\/lamoude.com\/?product=roties-de-tripes-de-boeuf","title":{"rendered":"R\u00f4ties de Tripes de B\u0153uf"},"content":{"rendered":"","protected":false},"excerpt":{"rendered":"<p>Chaque plat traditionnel choisi repr\u00e9sente une quantit\u00e9 adapt\u00e9e pour 5 \u00e0 6 personnes!!! Les accompagnements sont \u00e0 prendre dans la rubrique \u00ab\u00a0Nos Accompagnements \u00e0 partager\u00a0\u00bb !!!<\/p>\n","protected":false},"featured_media":1312,"template":"","meta":{"_kadence_starter_templates_imported_post":true,"_kad_post_transparent":"default","_kad_post_title":"","_kad_post_layout":"default","_kad_post_sidebar_id":"","_kad_post_content_style":"default","_kad_post_vertical_padding":"default","_kad_post_feature":"","_kad_post_feature_position":"","_kad_post_header":false,"_kad_post_footer":false,"_kad_post_classname":""},"product_brand":[],"product_cat":[45],"product_tag":[41,42,43],"class_list":{"0":"post-1141","1":"product","2":"type-product","3":"status-publish","4":"has-post-thumbnail","6":"product_cat-menu-a-la-carte","7":"product_tag-dish","8":"product_tag-food","9":"product_tag-menu","11":"first","12":"instock","13":"shipping-taxable","14":"purchasable","15":"product-type-simple","16":"entry","17":"content-bg","18":"loop-entry"},"_links":{"self":[{"href":"https:\/\/lamoude.com\/index.php?rest_route=\/wp\/v2\/product\/1141","targetHints":{"allow":["GET"]}}],"collection":[{"href":"https:\/\/lamoude.com\/index.php?rest_route=\/wp\/v2\/product"}],"about":[{"href":"https:\/\/lamoude.com\/index.php?rest_route=\/wp\/v2\/types\/product"}],"wp:featuredmedia":[{"embeddable":true,"href":"https:\/\/lamoude.com\/index.php?rest_route=\/wp\/v2\/media\/1312"}],"wp:attachment":[{"href":"https:\/\/lamoude.com\/index.php?rest_route=%2Fwp%2Fv2%2Fmedia&parent=1141"}],"wp:term":[{"taxonomy":"product_brand","embeddable":true,"href":"https:\/\/lamoude.com\/index.php?rest_route=%2Fwp%2Fv2%2Fproduct_brand&post=1141"},{"taxonomy":"product_cat","embeddable":true,"href":"https:\/\/lamoude.com\/index.php?rest_route=%2Fwp%2Fv2%2Fproduct_cat&post=1141"},{"taxonomy":"product_tag","embeddable":true,"href":"https:\/\/lamoude.com\/index.php?rest_route=%2Fwp%2Fv2%2Fproduct_tag&post=1141"}],"curies":[{"name":"wp","href":"https:\/\/api.w.org\/{rel}","templated":true}]}}