{"id":1130,"date":"2023-12-17T06:36:35","date_gmt":"2023-12-17T06:36:35","guid":{"rendered":"https:\/\/yood-concept.com\/?post_type=product&#038;p=1130"},"modified":"2025-08-03T17:02:06","modified_gmt":"2025-08-03T17:02:06","slug":"poulet-grille","status":"publish","type":"product","link":"https:\/\/lamoude.com\/?product=poulet-grille","title":{"rendered":"Ganzes Gegrilltes H\u00e4hnchen"},"content":{"rendered":"","protected":false},"excerpt":{"rendered":"<p>Ein ganzes H\u00e4hnchen\u00a0 ca. 1500g mariniert und gegrillt. Serviert mit Reis, Plantain Frites oder Miondo. Inkl.\u00a0 Saucen und Dips.<\/p>\n<p>Poulet d\u2019origine marin\u00e9 et cuit \u00e0 la braise est une sp\u00e9cialit\u00e9 africaine accompagn\u00e9e de riz, alokos, atti\u00e9k\u00e9 au choix.<\/p>\n","protected":false},"featured_media":1303,"template":"","meta":{"_kadence_starter_templates_imported_post":true,"_kad_post_transparent":"default","_kad_post_title":"","_kad_post_layout":"default","_kad_post_sidebar_id":"","_kad_post_content_style":"default","_kad_post_vertical_padding":"default","_kad_post_feature":"","_kad_post_feature_position":"","_kad_post_header":false,"_kad_post_footer":false,"_kad_post_classname":""},"product_brand":[],"product_cat":[49],"product_tag":[41,42,43],"class_list":{"0":"post-1130","1":"product","2":"type-product","3":"status-publish","4":"has-post-thumbnail","6":"product_cat-menuplatten","7":"product_tag-dish","8":"product_tag-food","9":"product_tag-menu","11":"first","12":"instock","13":"shipping-taxable","14":"purchasable","15":"product-type-variable","16":"has-default-attributes","17":"entry","18":"content-bg","19":"loop-entry"},"_links":{"self":[{"href":"https:\/\/lamoude.com\/index.php?rest_route=\/wp\/v2\/product\/1130","targetHints":{"allow":["GET"]}}],"collection":[{"href":"https:\/\/lamoude.com\/index.php?rest_route=\/wp\/v2\/product"}],"about":[{"href":"https:\/\/lamoude.com\/index.php?rest_route=\/wp\/v2\/types\/product"}],"wp:featuredmedia":[{"embeddable":true,"href":"https:\/\/lamoude.com\/index.php?rest_route=\/wp\/v2\/media\/1303"}],"wp:attachment":[{"href":"https:\/\/lamoude.com\/index.php?rest_route=%2Fwp%2Fv2%2Fmedia&parent=1130"}],"wp:term":[{"taxonomy":"product_brand","embeddable":true,"href":"https:\/\/lamoude.com\/index.php?rest_route=%2Fwp%2Fv2%2Fproduct_brand&post=1130"},{"taxonomy":"product_cat","embeddable":true,"href":"https:\/\/lamoude.com\/index.php?rest_route=%2Fwp%2Fv2%2Fproduct_cat&post=1130"},{"taxonomy":"product_tag","embeddable":true,"href":"https:\/\/lamoude.com\/index.php?rest_route=%2Fwp%2Fv2%2Fproduct_tag&post=1130"}],"curies":[{"name":"wp","href":"https:\/\/api.w.org\/{rel}","templated":true}]}}