{"id":2222,"date":"2025-06-06T16:14:57","date_gmt":"2025-06-06T16:14:57","guid":{"rendered":"https:\/\/lamoude.com\/?page_id=2222"},"modified":"2025-06-06T16:14:57","modified_gmt":"2025-06-06T16:14:57","slug":"agb","status":"publish","type":"page","link":"https:\/\/lamoude.com\/?page_id=2222","title":{"rendered":"AGB"},"content":{"rendered":"\n<h1 class=\"wp-block-heading\">Allgemeine Gesch\u00e4ftsbedingungen \/ AGB<\/h1>\n\n\n\n<p>Die nachstehenden Bedingungen finden Anwendung auf alle Vertr\u00e4ge und Auftr\u00e4ge, sie finden auch Anwendung f\u00fcr alle Folgeauftr\u00e4ge, auch wenn im Einzelfall nicht besonders auf sie Bezug genommen wird. Ihre Geltung kann nur durch ausdr\u00fcckliche Vereinbarung beim einzelnen Gesch\u00e4ftsabschluss ganz oder teilweise ausgeschlossen werden.<\/p>\n\n\n\n<h3 class=\"wp-block-heading\">1.Allgemeines&nbsp;<\/h3>\n\n\n\n<p>Allen Angeboten und Vereinbarungen liegen ausschlie\u00dflich unsere Bedingungen zugrunde. Sie gelten durch Auftragserteilung oder Annahme der Lieferung oder Leistung als anerkannt. Abweichende Bedingungen des Bestellers, die wir nicht ausdr\u00fccklich schriftlich anerkennen, sind f\u00fcr uns unverbindlich, auch wenn wir ihnen nicht widersprechen. M\u00fcndliche Vereinbarungen bed\u00fcrfen zu ihrer Rechtswirksamkeit unserer schriftlichen Best\u00e4tigung.&nbsp;Allgemeine Vertrags- und Gesch\u00e4ftsbedingungen, insbesondere Einkaufsbedingungen, haben f\u00fcr unsere Lieferungen und Leistungen keine Geltung, es sei denn, wir w\u00fcrden sie schriftlich anerkennen.<\/p>\n\n\n\n<h3 class=\"wp-block-heading\">2. Bestellungen&nbsp;<\/h3>\n\n\n\n<p>Alle uns erteilten Auftr\u00e4ge werden f\u00fcr uns erst verbindlich, wenn sie von uns schriftlich best\u00e4tigt werden. In Ausnahmef\u00e4llen gilt bei kurzfristigen Bestellungen auch die m\u00fcndliche Best\u00e4tigung.&nbsp;<\/p>\n\n\n\n<p>F\u00fcr die Ausf\u00fchrung und den Umfang eines Auftrages ist grunds\u00e4tzlich nur die Auftragserteilung ma\u00dfgebend. Kleine \u00c4nderungen k\u00f6nnen noch bis sp\u00e4testens 3 Tage vor der Veranstaltung vorgenommen werden.<br>Nachtr\u00e4gliche Auftrags\u00e4nderungen \u00fcber die Einzelheiten der Veranstaltung 3 Tage vor der Veranstaltung sind nicht mehr m\u00f6glich, es sei denn, wir w\u00fcrden \u00c4nderungen ausdr\u00fccklich zustimmen. Bereits angefallene Kosten werden dem Besteller zus\u00e4tzlich in Rechnung gestellt, ebenso die Mehrkosten, welche durch die nachtr\u00e4gliche Auftrags\u00e4nderung entstehen, auch wenn der Auftrag mit unserem Einverst\u00e4ndnis ge\u00e4ndert wird.<br>&nbsp;<br>Der Besteller ist verpflichtet, sp\u00e4testens 3 Tage vor Beginn der Veranstaltung die effektive Personenzahl bekanntzugeben.<\/p>\n\n\n\n<p>Wir stellen diese Personenzahl, die 3 Tage vor Beginn der Veranstaltung vom Besteller genannt wird, auch in Rechnung, auch wenn tats\u00e4chlich weniger Personen an der Veranstaltung teilnehmen sollten. Die Geltendmachung weiteren Schadens behalten wir uns ausdr\u00fccklich vor. Nimmt der Besteller keine \u00c4nderung mehr vor, wird die Veranstaltung entsprechend der Auftragsbest\u00e4tigung durchgef\u00fchrt und auch in Rechnung gestellt. Ebenso, wenn drei Tage vor Beginn der Veranstaltung nicht die effektive Personenzahl genannt wird. In diesem Falle kommt dann die in der Auftragsbest\u00e4tigung angegebene Personenzahl zur Berechnung.<\/p>\n\n\n\n<h3 class=\"wp-block-heading\">3. Stornierung<\/h3>\n\n\n\n<p>Sofern die Veranstaltung aus zwingenden Gr\u00fcnden abgesagt werden muss, k\u00f6nnen nachstehende Geb\u00fchren erhoben werden.<\/p>\n\n\n\n<ul class=\"wp-block-list\">\n<li>Bis 4 Wochen vor dem Termin: keine Stornokosten<\/li>\n\n\n\n<li>Bis 1 Woche vor dem Termin: &#8211; 30 %<\/li>\n\n\n\n<li>Bis 3 Tage vor dem Termin: &#8211; 60 %<\/li>\n\n\n\n<li>Sp\u00e4ter: &#8211; 90 %<\/li>\n<\/ul>\n\n\n\n<h3 class=\"wp-block-heading\">4. Preise&nbsp;<\/h3>\n\n\n\n<p>Wenn nichts anderes vermerkt ist, verstehen sich die Preise in Euro zuz\u00fcglich der am Liefertag geltenden Mehrwertsteuer. Wir behalten uns vor, bei der Ver\u00e4nderung im Rohstoffpreis oder bei den Personalkosten den zum Zeitpunkt der Durchf\u00fchrung der Veranstaltung geltenden Preis neu festzusetzen, wenn zwischen Vertragsabschluss und Veranstaltungstag mehr als 4 Monate liegen.&nbsp;<\/p>\n\n\n\n<h3 class=\"wp-block-heading\">5. Leistungsverz\u00f6gerung&nbsp;<\/h3>\n\n\n\n<p>K\u00f6nnen wir aus Gr\u00fcnden h\u00f6herer Gewalt, Streiks, Aussperrungen, Krankheit, wegen Betriebsst\u00f6rungen oder sonstigen von uns nicht zu vertretenden Umst\u00e4nden die Lieferung nicht oder nur mit Verz\u00f6gerung durchf\u00fchren, ist der Besteller berechtigt, vom Vertrag zur\u00fcckzutreten. Weitergehende Anspr\u00fcche, insbesondere auf Schadensersatz jedweder Art, sind ausgeschlossen, es sei denn, der Besteller k\u00f6nnte uns Vorsatz oder grobe Fahrl\u00e4ssigkeit nachweisen.&nbsp;<\/p>\n\n\n\n<h3 class=\"wp-block-heading\">6. Zahlungsbedingungen&nbsp;<\/h3>\n\n\n\n<p>Falls zwischen uns und dem Besteller keine anderen Vereinbarungen getroffen worden sind, hat der Besteller die Zahlung des Rechnungsbetrages und eventueller Nebenkosten in bar oder durch \u00dcberweisung zu unserer freien Verf\u00fcgung auf unserer Bankkonto innerhalb 10 Tagen nach Rechnungsdatum netto ohne jeden Abzug zu leisten.<br><br>Bei \u00dcberschreiten dieses Zahlungstermins sind wir berechtigt, Verzugszinsen in H\u00f6he des jeweils geltenden Kontokorrentsatzes unserer Bankverbindung, mindestens aber in H\u00f6he von 3% \u00fcber dem jeweiligen Diskontsatzes der Deutschen Bundesbank, zu berechnen, ohne dass es einer Inverzugsetzung bedarf.&nbsp;<\/p>\n\n\n\n<h3 class=\"wp-block-heading\">7. Beanstandungen&nbsp;<\/h3>\n\n\n\n<p>Beanstandungen wegen unvollst\u00e4ndiger oder unrichtiger Lieferung oder wegen erkennbarer M\u00e4ngel sind unverz\u00fcglich, dem Fahrer mitzuteilen. Bei Veranstaltungen, welche von Mitarbeitern unserer Firma betreut werden, sind Beanstandungen der zust\u00e4ndigen Person sofort mitzuteilen.<br>Nach Ablauf dieser Frist hat der Besteller keine Anspr\u00fcche uns gegen\u00fcber aus Gew\u00e4hrleistung oder sonstigen Rechtsgr\u00fcnden mehr, insbesondere keine Anspr\u00fcche auf Schadensersatz, es sei denn, er k\u00f6nnte uns Vorsatz oder grobe Fahrl\u00e4ssigkeit nachweisen.&nbsp;<br><br>Im \u00fcbrigen sind Schadensersatzanspr\u00fcche jeder Art, gleich aus welchem Rechtsgrund, ausgeschlossen, es sei denn, diese Sch\u00e4den sind nachweisbar von uns, unseren gesetzlichen Vertretern oder unseren Erf\u00fcllungsgehilfen vors\u00e4tzlich oder grob fahrl\u00e4ssig verursacht worden, wobei der Besteller die Beweislast hierf\u00fcr tr\u00e4gt.&nbsp;<\/p>\n\n\n\n<h3 class=\"wp-block-heading\">8. Haftung&nbsp;<\/h3>\n\n\n\n<p>F\u00fcr den Fall, dass wir Kunden, entgeltlich oder unentgeltlich Zelte, Einrichtungsgegenst\u00e4nde, Kleinmaterial, technische Einrichtungen oder sonstige Gegenst\u00e4nde zur Verf\u00fcgung stellen, haftet der Kunde uns gegen\u00fcber f\u00fcr s\u00e4mtlich auftretenden Sch\u00e4den, Besch\u00e4digungen sowie Zerst\u00f6rungen, ohne dass es auf ein Verschulden ankommt. Es sei denn, der Kunde kann uns nachweisen, dass Sch\u00e4den, Besch\u00e4digungen, bzw. Zerst\u00f6rungen etc. von uns zu vertreten sind. Fehlende Gegenst\u00e4nde werden in Rechnung gestellt.<br><br>Sofern nichts anderes vereinbart wird, ist es Sache des Kunden, s\u00e4mtliche Anschl\u00fcsse f\u00fcr Strom, Wasser etc. selbst herzustellen, bzw. f\u00fcr die Anschl\u00fcsse zu sorgen. Wir haften nicht f\u00fcr solche Anschl\u00fcsse bzw. daraus hervorgerufene Sch\u00e4den jedweder Art, es sei denn, wir h\u00e4tten es vertraglich \u00fcbernommen, selbst f\u00fcr die geschilderten Anschl\u00fcsse zu sorgen.<\/p>\n\n\n\n<h3 class=\"wp-block-heading\">9. Erf\u00fcllungsort, Gerichtsstand&nbsp;<\/h3>\n\n\n\n<p>Erf\u00fcllungsort f\u00fcr alle gegenseitigen Anspr\u00fcche ist Karlsruhe. Als Gerichtsstand gilt Karlsruhe als vereinbart, wenn wir Anspr\u00fcche im Wege des Mahnverfahrens geltend machen oder der Besteller im Inland keinen allgemeinen Gerichtsstand hat oder der Besteller nach Vertragsabschluss seinen Wohnsitz oder gew\u00f6hnlichen Aufenthaltsort aus der Bundesrepublik Deutschland verlegt oder wenn der Wohnsitz des Bestellers oder dessen gew\u00f6hnlicher Aufenthaltsort zum Zeitpunkt der Klageerhebung nicht bekannt ist.<\/p>\n\n\n\n<p>Bei Vollkaufleuten ist der Gerichtsstand stets Karlsruhe. F\u00fcr die vertraglichen Bestimmungen sowie f\u00fcr alle aus dem Vertragsverh\u00e4ltnis sich etwa ergebenden Streitigkeiten gilt stets deutsches Recht.&nbsp;<\/p>\n\n\n\n<h3 class=\"wp-block-heading\">10. Salvatorische Klausel&nbsp;<\/h3>\n\n\n\n<p>Die etwaige Unwirksamkeit einzelner Bestimmungen ber\u00fchrt nicht die Wirksamkeit der \u00fcbrigen Bestimmungen und des gesamten Vertrages. F\u00fcr den Fall, dass eine der vorgenannten Bestimmungen trotzdem unwirksam ist, tritt automatisch die dieser Bestimmungen wirtschaftlich am n\u00e4chsten kommende in Kraft.&nbsp;<\/p>\n\n\n\n<h3 class=\"wp-block-heading\">11. Geltung f\u00fcr Nichtkaufleute&nbsp;<\/h3>\n\n\n\n<p>Die vorstehenden Bedingungen finden auch Anwendung f\u00fcr Vertr\u00e4ge mit Nichtkaufleuten. Soweit den obigen Bedingungen jedoch zwingende Vorschriften des AGB-Gesetzes entgegenstehen, richtet sich der Inhalt des jeweiligen Vertrages nach den gesetzlichen Vorschriften.&nbsp;<\/p>\n","protected":false},"excerpt":{"rendered":"<p>Allgemeine Gesch\u00e4ftsbedingungen \/ AGB Die nachstehenden Bedingungen finden Anwendung auf alle Vertr\u00e4ge und Auftr\u00e4ge, sie finden auch Anwendung f\u00fcr alle Folgeauftr\u00e4ge, auch wenn im Einzelfall nicht besonders auf sie Bezug genommen wird. Ihre Geltung kann nur durch ausdr\u00fcckliche Vereinbarung beim einzelnen Gesch\u00e4ftsabschluss ganz oder teilweise ausgeschlossen werden. 1.Allgemeines&nbsp; Allen Angeboten und Vereinbarungen liegen ausschlie\u00dflich unsere&#8230;<\/p>\n","protected":false},"author":1,"featured_media":0,"parent":0,"menu_order":0,"comment_status":"closed","ping_status":"closed","template":"","meta":{"_kadence_starter_templates_imported_post":false,"_kad_post_transparent":"","_kad_post_title":"","_kad_post_layout":"","_kad_post_sidebar_id":"","_kad_post_content_style":"","_kad_post_vertical_padding":"","_kad_post_feature":"","_kad_post_feature_position":"","_kad_post_header":false,"_kad_post_footer":false,"_kad_post_classname":"","footnotes":""},"class_list":["post-2222","page","type-page","status-publish","hentry"],"_links":{"self":[{"href":"https:\/\/lamoude.com\/index.php?rest_route=\/wp\/v2\/pages\/2222","targetHints":{"allow":["GET"]}}],"collection":[{"href":"https:\/\/lamoude.com\/index.php?rest_route=\/wp\/v2\/pages"}],"about":[{"href":"https:\/\/lamoude.com\/index.php?rest_route=\/wp\/v2\/types\/page"}],"author":[{"embeddable":true,"href":"https:\/\/lamoude.com\/index.php?rest_route=\/wp\/v2\/users\/1"}],"replies":[{"embeddable":true,"href":"https:\/\/lamoude.com\/index.php?rest_route=%2Fwp%2Fv2%2Fcomments&post=2222"}],"version-history":[{"count":1,"href":"https:\/\/lamoude.com\/index.php?rest_route=\/wp\/v2\/pages\/2222\/revisions"}],"predecessor-version":[{"id":2223,"href":"https:\/\/lamoude.com\/index.php?rest_route=\/wp\/v2\/pages\/2222\/revisions\/2223"}],"wp:attachment":[{"href":"https:\/\/lamoude.com\/index.php?rest_route=%2Fwp%2Fv2%2Fmedia&parent=2222"}],"curies":[{"name":"wp","href":"https:\/\/api.w.org\/{rel}","templated":true}]}}